{"id":1114,"date":"2025-01-14T14:57:19","date_gmt":"2025-01-14T19:57:19","guid":{"rendered":"https:\/\/grupocomercial.com.co\/wp\/?post_type=product&#038;p=1114"},"modified":"2025-01-14T15:22:20","modified_gmt":"2025-01-14T20:22:20","slug":"chaqueta-mujer-cuero-sintetico-ojaletes","status":"publish","type":"product","link":"https:\/\/grupocomercial.com.co\/wp\/producto\/chaqueta-mujer-cuero-sintetico-ojaletes\/","title":{"rendered":"Chaqueta Mujer Cuero Sint\u00e9tico Ojaletes"},"content":{"rendered":"<p style=\"text-align: center;\"><b>Chaqueta Cuero Sint\u00e9tico-Negra<\/b><\/p>\n<p>&nbsp;<\/p>\n<p>Todos los d\u00edas quiere llevar hasta ti nuevos y exclusivos accesorios que llenen tus expectativas como consumidor y que den valor agregado a tus gustos y estilo. Trae esta chaqueta para mujer en cuero sint\u00e9tico color negro con forro interior, bolsillos y cierre en cremallera. Sus bolsillos laterales son ideales para guardar tus manos en climas fr\u00edos o guardar objetos peque\u00f1os indispensables para ti, tambien cuenta con un cuello tipo piloto para dar ese estilo m\u00e1s moderno, sin dejar de ser elegante. Con sus costuras en color negro asegura la prenda de cualquier tipo de da\u00f1o y te da un look m\u00e1s moderno. Esta prenda trae un estilo moderno acorde a las tendencias, tiene una excelente confeccion y mezcla de materiales para que te destaques en tus reuniones o en cualquier ocacion, sus colores tambien han sido elegidos conforme a las tendencias y lo mejor del dise\u00f1o. Este producto es de gran calidad, suavidad y comodidad \u00a1C\u00f3mprala ahora y lleva la moda a donde vayas!.<\/p>\n","protected":false},"excerpt":{"rendered":"<ul>\n<li>Tallaje Normal, Puede Seleccionar la Talla que Normalmente Usa.<\/li>\n<li>Chaqueta Negra.<\/li>\n<li>Cuero Sint\u00e9tico Suave.<\/li>\n<li>Cremallera Metalica.<\/li>\n<li>Forro interior.<\/li>\n<li><strong>Talla y Horma.<\/strong><\/li>\n<li>Se ajusta al tallaje regular.<\/li>\n<\/ul>\n","protected":false},"featured_media":1141,"comment_status":"open","ping_status":"closed","template":"","meta":{"om_disable_all_campaigns":false},"product_brand":[],"product_cat":[22,17],"product_tag":[],"class_list":{"0":"post-1114","1":"product","2":"type-product","3":"status-publish","4":"has-post-thumbnail","6":"product_cat-chaquetas-ropa-mujer","7":"product_cat-ropa-mujer","9":"first","10":"instock","11":"featured","12":"taxable","13":"shipping-taxable","14":"purchasable","15":"product-type-variable"},"jetpack_sharing_enabled":true,"_links":{"self":[{"href":"https:\/\/grupocomercial.com.co\/wp\/wp-json\/wp\/v2\/product\/1114","targetHints":{"allow":["GET"]}}],"collection":[{"href":"https:\/\/grupocomercial.com.co\/wp\/wp-json\/wp\/v2\/product"}],"about":[{"href":"https:\/\/grupocomercial.com.co\/wp\/wp-json\/wp\/v2\/types\/product"}],"replies":[{"embeddable":true,"href":"https:\/\/grupocomercial.com.co\/wp\/wp-json\/wp\/v2\/comments?post=1114"}],"wp:featuredmedia":[{"embeddable":true,"href":"https:\/\/grupocomercial.com.co\/wp\/wp-json\/wp\/v2\/media\/1141"}],"wp:attachment":[{"href":"https:\/\/grupocomercial.com.co\/wp\/wp-json\/wp\/v2\/media?parent=1114"}],"wp:term":[{"taxonomy":"product_brand","embeddable":true,"href":"https:\/\/grupocomercial.com.co\/wp\/wp-json\/wp\/v2\/product_brand?post=1114"},{"taxonomy":"product_cat","embeddable":true,"href":"https:\/\/grupocomercial.com.co\/wp\/wp-json\/wp\/v2\/product_cat?post=1114"},{"taxonomy":"product_tag","embeddable":true,"href":"https:\/\/grupocomercial.com.co\/wp\/wp-json\/wp\/v2\/product_tag?post=1114"}],"curies":[{"name":"wp","href":"https:\/\/api.w.org\/{rel}","templated":true}]}}